{"id":368,"date":"2018-03-09T01:20:55","date_gmt":"2018-03-09T01:20:55","guid":{"rendered":"http:\/\/neu.muench-edelstahl-gmbh.de\/?page_id=368"},"modified":"2024-09-24T10:22:22","modified_gmt":"2024-09-24T10:22:22","slug":"pie-editorial","status":"publish","type":"page","link":"https:\/\/www.muench-edelstahl-gmbh.de\/es\/pie-editorial\/","title":{"rendered":"Pie Editorial"},"content":{"rendered":"<h2>INFORMACI\u00d3N:<\/h2>\n<p>M\u00fcnch-Edelstahl GmbH<br \/>\nWeststr. 26<br \/>\n40721 Hilden<\/p>\n<h3>REPRESENTADO POR:<\/h3>\n<p>Mirja Gerlach (Directora general)<\/p>\n<h3>CONTACTO:<\/h3>\n<p>Tel\u00e9fono: +49 (0) 2103-5899-6<br \/>\nFax: +49 (0) 2103-5899-77<br \/>\nE-Mail: <a href=\"mailto:info@muench-gmbh.net\">info@muench-gmbh.net<\/a><\/p>\n<h3>ENTRADA EN REGISTRO COMERCIAL:<\/h3>\n<p>Entrada en el registro comercial:<br \/>\nTribunal de registro: AG D\u00fcsseldorf<br \/>\nN\u00famero de registro: HRB 94407<\/p>\n<h3>IMPUESTO AL VALOR AGREGADO (IVA):<\/h3>\n<p>N\u00famero de identificaci\u00f3n fiscal de ventas de acuerdo con \u00a727 a Ley del Impuesto al Valor Agregado:<br \/>\nDE 121 098 186<\/p>\n<h3>RESOLUCI\u00d3N DE CONFLICTOS<\/h3>\n<p>La Comisi\u00f3n Europea pone a disposici\u00f3n una plataforma online para la resoluci\u00f3n de conflictos (OS): <a href=\"https:\/\/ec.europa.eu\/consumers\/odr\">https:\/\/ec.europa.eu\/consumers\/odr<\/a>.<\/p>\n<p>Nuestra direcci\u00f3n de correo electr\u00f3nico se encuentra arriba, en el aviso legal (Impressum).<\/p>\n<p>No estamos dispuestos u obligados a participar en un proceso de resoluci\u00f3n de conflictos ante una organizaci\u00f3n dedicada a los litigios en los que intervengan los consumidores.<\/p>\n<p><img loading=\"lazy\" decoding=\"async\" class=\"size-full wp-image-410 alignleft\" style=\"margin: 0;\" src=\"http:\/\/neu.muench-edelstahl-gmbh.de\/wp-content\/uploads\/2018\/03\/image003.jpg\" alt=\"\" width=\"180\" height=\"150\" \/><\/p>\n<h3><\/h3>\n<h3><\/h3>\n<h3><\/h3>\n<h3><\/h3>\n<h3>RESPONSIBILIDAD POR CONTENIDOS<\/h3>\n<p>Como proveedores somos responsables por los contenidos propios en estas p\u00e1ginas seg\u00fan las leyes generales. Sin embargo los proveedores no est\u00e1n obligados a supervisar las informaciones transferidas por usted o las almacenadas ajenas ni a investigar situaciones que indiquen una actividad ilegal.<\/p>\n<p>Esto no afecta a la obligaci\u00f3n de retirar o bloquear la utilizaci\u00f3n de informaci\u00f3n seg\u00fan las leyes generales. Tal responsabilidad s\u00f3lo ser\u00e1 posible a partir del momento que se tome conocimiento de una infracci\u00f3n legal concreta. Al tomar conocimiento de las respectivas infracciones legales retiraremos inmediatamente estos contenidos.<\/p>\n<h3>RESPONSIBILIDAD POR ENLACES<\/h3>\n<p>Nuestra oferta incluye enlaces para con sitios Web externos de terceros sobre cuyos contenidos no tenemos influencia. Por ello, tampoco podemos responsabilizarnos por estos contenidos externos. El respectivo proveedor u operador de las p\u00e1ginas siempre es responsable por los contenidos de las p\u00e1ginas enlazadas. En el momento del enlace las p\u00e1ginas enlazadas se verificaron en cuanto a posibles infracciones legales. En el momento del enlace no se detectaron contenidos ilegales.<\/p>\n<p>Sin embargo, no es razonable realizar un control permanente del contenido de las p\u00e1ginas enlazadas sin pistas concretas de una infracci\u00f3n legal. Al tomar conocimiento de las respectivas infracciones legales retiraremos inmediatamente estos contenidos.<\/p>\n<h3>PROPIEDAD INTELECTUAL<\/h3>\n<p>Las obras y los contenidos elaborados por el operador de estas p\u00e1ginas est\u00e1n sujetos al derecho de propiedad intelectual alem\u00e1n. La reproducci\u00f3n, edici\u00f3n y distribuci\u00f3n y cualquier tipo de utilizaci\u00f3n fuera de los l\u00edmites del derecho de propiedad intelectual necesitan de la autorizaci\u00f3n escrita del respectivo autor o editor. Las descargas y copias de este sitio s\u00f3lo est\u00e1n permitidas para el uso privado no comercial.<\/p>\n<p>En la medida en la que los contenidos de esta p\u00e1gina no procedan del promotor, se observan los derechos de terceros. Especialmente se se\u00f1alan los contenidos de terceros. Caso que, no obstante, encuentre Usted una violaci\u00f3n de los derechos de propiedad intelectual, le pedimos nos informe. Al tomar conocimiento de las infracciones legales, retiraremos inmediatamente estos contenidos.<\/p>\n","protected":false},"excerpt":{"rendered":"<p>INFORMACI\u00d3N: M\u00fcnch-Edelstahl GmbH Weststr. 26 40721 Hilden REPRESENTADO POR: Mirja Gerlach (Directora general) CONTACTO: Tel\u00e9fono: +49 (0) 2103-5899-6 Fax: +49 (0) 2103-5899-77 E-Mail: info@muench-gmbh.net ENTRADA EN REGISTRO COMERCIAL: Entrada en el registro comercial: Tribunal de registro: AG D\u00fcsseldorf N\u00famero de registro: HRB 94407 IMPUESTO AL VALOR AGREGADO (IVA): N\u00famero de identificaci\u00f3n fiscal de ventas de [&hellip;]<\/p>\n","protected":false},"author":1,"featured_media":550,"parent":0,"menu_order":0,"comment_status":"closed","ping_status":"closed","template":"","meta":{"footnotes":""},"class_list":["post-368","page","type-page","status-publish","has-post-thumbnail","hentry"],"acf":[],"_links":{"self":[{"href":"https:\/\/www.muench-edelstahl-gmbh.de\/es\/wp-json\/wp\/v2\/pages\/368","targetHints":{"allow":["GET"]}}],"collection":[{"href":"https:\/\/www.muench-edelstahl-gmbh.de\/es\/wp-json\/wp\/v2\/pages"}],"about":[{"href":"https:\/\/www.muench-edelstahl-gmbh.de\/es\/wp-json\/wp\/v2\/types\/page"}],"author":[{"embeddable":true,"href":"https:\/\/www.muench-edelstahl-gmbh.de\/es\/wp-json\/wp\/v2\/users\/1"}],"replies":[{"embeddable":true,"href":"https:\/\/www.muench-edelstahl-gmbh.de\/es\/wp-json\/wp\/v2\/comments?post=368"}],"version-history":[{"count":11,"href":"https:\/\/www.muench-edelstahl-gmbh.de\/es\/wp-json\/wp\/v2\/pages\/368\/revisions"}],"predecessor-version":[{"id":2723,"href":"https:\/\/www.muench-edelstahl-gmbh.de\/es\/wp-json\/wp\/v2\/pages\/368\/revisions\/2723"}],"wp:featuredmedia":[{"embeddable":true,"href":"https:\/\/www.muench-edelstahl-gmbh.de\/es\/wp-json\/wp\/v2\/media\/550"}],"wp:attachment":[{"href":"https:\/\/www.muench-edelstahl-gmbh.de\/es\/wp-json\/wp\/v2\/media?parent=368"}],"curies":[{"name":"wp","href":"https:\/\/api.w.org\/{rel}","templated":true}]}}