{"id":1612,"date":"2020-11-10T21:17:59","date_gmt":"2020-11-10T21:17:59","guid":{"rendered":"https:\/\/www.muench-edelstahl-gmbh.de\/register\/"},"modified":"2020-11-10T23:56:27","modified_gmt":"2020-11-10T23:56:27","slug":"registrieren","status":"publish","type":"page","link":"https:\/\/www.muench-edelstahl-gmbh.de\/es\/registrieren\/","title":{"rendered":"Registrarse"},"content":{"rendered":"<div class=\"tml tml-register\">\n<div class=\"tml-alerts\"><\/div><form name=\"register\" action=\"https:\/\/www.muench-edelstahl-gmbh.de\/es\/registrieren\/\" method=\"post\" novalidate=\"novalidate\">\n<input name=\"user_login\" type=\"hidden\" value=\"user744c8404ea76b8b8e77c2e057e73d80e\" id=\"user_login\">\n\n<div class=\"form-ele\">\n<label class=\"tml-label\" for=\"user_email\">Correo electr\u00f3nico<\/label>\n<input name=\"user_email\" type=\"email\" value=\"\" id=\"user_email\" class=\"form-control\" class=\"tml-field\">\n<\/div>\n\n<div class=\"tml-field-wrap tml-first_name-wrap\">\n<label class=\"tml-label\" for=\"first_name\">First Name<\/label>\n<input name=\"first_name\" type=\"text\" value=\"\" id=\"first_name\" class=\"form-control\">\n<\/div>\n\n<div class=\"tml-field-wrap tml-last_name-wrap\">\n<label class=\"tml-label\" for=\"last_name\">Last Name<\/label>\n<input name=\"last_name\" type=\"text\" value=\"\" id=\"last_name\" class=\"form-control\">\n<\/div>\n\n<div class=\"tml-field-wrap tml-street-wrap\">\n<label class=\"tml-label\" for=\"street\">Street<\/label>\n<input name=\"street\" type=\"text\" value=\"\" id=\"street\" class=\"form-control\">\n<\/div>\n\n<div class=\"tml-field-wrap tml-zipcode-wrap\">\n<label class=\"tml-label\" for=\"zipcode\">ZIP Code<\/label>\n<input name=\"zipcode\" type=\"text\" value=\"\" id=\"zipcode\" class=\"form-control\">\n<\/div>\n\n<div class=\"tml-field-wrap tml-city-wrap\">\n<label class=\"tml-label\" for=\"city\">City<\/label>\n<input name=\"city\" type=\"text\" value=\"\" id=\"city\" class=\"form-control\">\n<\/div>\n\n<div class=\"tml-field-wrap tml-country-wrap\">\n<label class=\"tml-label\" for=\"country\">Country<\/label>\n<input name=\"country\" type=\"text\" value=\"\" id=\"country\" class=\"form-control\">\n<\/div>\n\n<div class=\"form-ele\">\n<label class=\"tml-label\" for=\"pass1\">Contrase\u00f1a<\/label>\n<input name=\"user_pass1\" type=\"password\" value=\"\" id=\"pass1\" autocomplete=\"off\" class=\"form-control\" class=\"tml-field\">\n<\/div>\n\n<div class=\"form-ele\">\n<label class=\"tml-label\" for=\"pass2\">Confirmar contrase\u00f1a<\/label>\n<input name=\"user_pass2\" type=\"password\" value=\"\" id=\"pass2\" autocomplete=\"off\" class=\"form-control\" class=\"tml-field\">\n<\/div>\n\n<div class=\"form-ele\">\n<div id=\"pass-strength-result\" class=\"hide-if-no-js\" aria-live=\"polite\">Seguridad de la contrase\u00f1a<\/div><\/div>\n\n<div class=\"form-ele\">\n<p class=\"description indicator-hint\">Truco: La contrase\u00f1a debe ser de al menos doce caracteres. Para hacerla m\u00e1s fuerte usa may\u00fasculas y min\u00fasculas, n\u00fameros y s\u00edmbolos como ! \" ? $ % ^ y ).<\/p><\/div>\n\n\n<div class=\"tml-field-wrap tml-accept_terms-wrap\">\n<input name=\"accept_terms\" type=\"checkbox\" value=\"1\" class=\"tml-checkbox\">\n<span class=\"tml-label\">I agree that my data is being used according to the <a href=\"\/en\/privacy\/\">privacy policy<\/a><\/span>\n<\/div>\n\n<div class=\"form-ele\">\n<button name=\"submit\" type=\"submit\" class=\"btn btn-primary\" class=\"tml-button\"><span>Registro<\/span><\/button>\n<\/div>\n\n<input name=\"redirect_to\" type=\"hidden\" value=\"https:\/\/www.muench-edelstahl-gmbh.de\/es\/login\/?pending=activation\">\n\n<\/form>\n<ul class=\"tml-links\"><li class=\"tml-login-link\"><a href=\"https:\/\/www.muench-edelstahl-gmbh.de\/es\/login\/\">Acceder<\/a><\/li><li class=\"tml-lostpassword-link\"><a href=\"https:\/\/www.muench-edelstahl-gmbh.de\/es\/passwort-vergessen\/\">\u00bfHas olvidado tu contrase\u00f1a?<\/a><\/li><\/ul><\/div>\n\n","protected":false},"excerpt":{"rendered":"","protected":false},"author":1,"featured_media":1619,"parent":0,"menu_order":0,"comment_status":"closed","ping_status":"closed","template":"","meta":{"footnotes":""},"class_list":["post-1612","page","type-page","status-publish","has-post-thumbnail","hentry"],"acf":[],"_links":{"self":[{"href":"https:\/\/www.muench-edelstahl-gmbh.de\/es\/wp-json\/wp\/v2\/pages\/1612","targetHints":{"allow":["GET"]}}],"collection":[{"href":"https:\/\/www.muench-edelstahl-gmbh.de\/es\/wp-json\/wp\/v2\/pages"}],"about":[{"href":"https:\/\/www.muench-edelstahl-gmbh.de\/es\/wp-json\/wp\/v2\/types\/page"}],"author":[{"embeddable":true,"href":"https:\/\/www.muench-edelstahl-gmbh.de\/es\/wp-json\/wp\/v2\/users\/1"}],"replies":[{"embeddable":true,"href":"https:\/\/www.muench-edelstahl-gmbh.de\/es\/wp-json\/wp\/v2\/comments?post=1612"}],"version-history":[{"count":3,"href":"https:\/\/www.muench-edelstahl-gmbh.de\/es\/wp-json\/wp\/v2\/pages\/1612\/revisions"}],"predecessor-version":[{"id":1668,"href":"https:\/\/www.muench-edelstahl-gmbh.de\/es\/wp-json\/wp\/v2\/pages\/1612\/revisions\/1668"}],"wp:featuredmedia":[{"embeddable":true,"href":"https:\/\/www.muench-edelstahl-gmbh.de\/es\/wp-json\/wp\/v2\/media\/1619"}],"wp:attachment":[{"href":"https:\/\/www.muench-edelstahl-gmbh.de\/es\/wp-json\/wp\/v2\/media?parent=1612"}],"curies":[{"name":"wp","href":"https:\/\/api.w.org\/{rel}","templated":true}]}}